{"id":9,"date":"2020-07-16T23:37:26","date_gmt":"2020-07-16T23:37:26","guid":{"rendered":"https:\/\/iwo-biz.pl\/?page_id=9"},"modified":"2020-07-16T23:37:26","modified_gmt":"2020-07-16T23:37:26","slug":"o-nas","status":"publish","type":"page","link":"https:\/\/iwo-biz.pl\/?page_id=9","title":{"rendered":"O nas"},"content":{"rendered":"\n<p>Mo\u017cesz by\u0107 artyst\u0105, kt\u00f3ry chcia\u0142by przedstawi\u0107 siebie i swoj\u0105 prac\u0119, a mo\u017ce to strona firmowa, a sama firma ma misj\u0119 do opisania.<\/p>\n","protected":false},"excerpt":{"rendered":"<p>Mo\u017cesz by\u0107 artyst\u0105, kt\u00f3ry chcia\u0142by przedstawi\u0107 siebie i swoj\u0105 prac\u0119, a mo\u017ce to strona firmowa, a sama firma ma misj\u0119 do opisania.<\/p>\n","protected":false},"author":1,"featured_media":6,"parent":0,"menu_order":0,"comment_status":"closed","ping_status":"closed","template":"","meta":[],"_links":{"self":[{"href":"https:\/\/iwo-biz.pl\/index.php?rest_route=\/wp\/v2\/pages\/9"}],"collection":[{"href":"https:\/\/iwo-biz.pl\/index.php?rest_route=\/wp\/v2\/pages"}],"about":[{"href":"https:\/\/iwo-biz.pl\/index.php?rest_route=\/wp\/v2\/types\/page"}],"author":[{"embeddable":true,"href":"https:\/\/iwo-biz.pl\/index.php?rest_route=\/wp\/v2\/users\/1"}],"replies":[{"embeddable":true,"href":"https:\/\/iwo-biz.pl\/index.php?rest_route=%2Fwp%2Fv2%2Fcomments&post=9"}],"version-history":[{"count":1,"href":"https:\/\/iwo-biz.pl\/index.php?rest_route=\/wp\/v2\/pages\/9\/revisions"}],"predecessor-version":[{"id":15,"href":"https:\/\/iwo-biz.pl\/index.php?rest_route=\/wp\/v2\/pages\/9\/revisions\/15"}],"wp:featuredmedia":[{"embeddable":true,"href":"https:\/\/iwo-biz.pl\/index.php?rest_route=\/wp\/v2\/media\/6"}],"wp:attachment":[{"href":"https:\/\/iwo-biz.pl\/index.php?rest_route=%2Fwp%2Fv2%2Fmedia&parent=9"}],"curies":[{"name":"wp","href":"https:\/\/api.w.org\/{rel}","templated":true}]}}